{"id":188,"date":"2024-11-24T16:12:59","date_gmt":"2024-11-24T16:12:59","guid":{"rendered":"https:\/\/posparking.cl\/www\/?page_id=188"},"modified":"2024-12-08T23:32:24","modified_gmt":"2024-12-08T23:32:24","slug":"equipamiento-punto-de-venta","status":"publish","type":"page","link":"https:\/\/posparking.cl\/www\/equipamiento-punto-de-venta\/","title":{"rendered":"Equipamiento Punto de Venta"},"content":{"rendered":"\n\n\n\n\n\n\n\n\n<h2 [object NamedNodeMap]>Mercado Pago Redelcom<\/h2>\n\n\n<p><span style=\"font-weight: bolder;\">Point Smart<\/span>\u00a0es una terminal de pago moderna y port\u00e1til que permite a los negocios aceptar tarjetas de cr\u00e9dito, d\u00e9bito y prepagas sin costos de arriendo.\u00a0<\/p>\n\n\n<p>Cont\u00e1ctanos para obtener un precio de mercado con un descuento especial<\/p>\n\n\n\n\n\n<p>Incluye SIM de datos 4G gratis y WiFi.<\/p>\n\n\n<p>Permite imprimir recibos.<\/p>\n\n\n<p>Ofrece hasta 24 horas de duraci\u00f3n.<\/p>\n\n\n\n\n<p>2,19% + IVA por ventas con d\u00e9bito y 2,69% + IVA por ventas con cr\u00e9dito, con abono en 24 horas<\/p>\n\n\n<p>Incluye una cuenta digital y tarjeta gratuita para gestionar los fondos.<\/p>\n\n<p>Lo enviamos en directo a tu domicilio.<br>(*) Sobre 9 unidades.<\/p>\n\n\n","protected":false},"excerpt":{"rendered":"","protected":false},"author":1,"featured_media":0,"parent":0,"menu_order":0,"comment_status":"closed","ping_status":"closed","template":"","meta":{"_siteseo_robots_primary_cat":"","om_disable_all_campaigns":false,"pagelayer_contact_templates":[],"_pagelayer_content":"","_monsterinsights_skip_tracking":false,"_monsterinsights_sitenote_active":false,"_monsterinsights_sitenote_note":"","_monsterinsights_sitenote_category":0,"footnotes":""},"class_list":["post-188","page","type-page","status-publish","hentry"],"aioseo_notices":[],"_links":{"self":[{"href":"https:\/\/posparking.cl\/www\/wp-json\/wp\/v2\/pages\/188","targetHints":{"allow":["GET"]}}],"collection":[{"href":"https:\/\/posparking.cl\/www\/wp-json\/wp\/v2\/pages"}],"about":[{"href":"https:\/\/posparking.cl\/www\/wp-json\/wp\/v2\/types\/page"}],"author":[{"embeddable":true,"href":"https:\/\/posparking.cl\/www\/wp-json\/wp\/v2\/users\/1"}],"replies":[{"embeddable":true,"href":"https:\/\/posparking.cl\/www\/wp-json\/wp\/v2\/comments?post=188"}],"version-history":[{"count":10,"href":"https:\/\/posparking.cl\/www\/wp-json\/wp\/v2\/pages\/188\/revisions"}],"predecessor-version":[{"id":217,"href":"https:\/\/posparking.cl\/www\/wp-json\/wp\/v2\/pages\/188\/revisions\/217"}],"wp:attachment":[{"href":"https:\/\/posparking.cl\/www\/wp-json\/wp\/v2\/media?parent=188"}],"curies":[{"name":"wp","href":"https:\/\/api.w.org\/{rel}","templated":true}]}}