{"id":42,"date":"2024-11-10T15:25:44","date_gmt":"2024-11-10T18:25:44","guid":{"rendered":"https:\/\/posparking.cl\/www\/home\/"},"modified":"2026-04-03T18:17:53","modified_gmt":"2026-04-03T21:17:53","slug":"home","status":"publish","type":"page","link":"https:\/\/posparking.cl\/www\/","title":{"rendered":"Home"},"content":{"rendered":"\n\n\n\n<h6><\/h6>\n\n\n<h2>Es posible administrar mi estacionamiento de manera simple y \u00f3ptima?<\/h2>\n\n\n<p>POS Parking es una plataforma integral de gesti\u00f3n de estacionamientos que habilita a los operadores o due\u00f1os de estacionamientos a administrar su negocio de forma \u00f3ptima con m\u00faltiples herramientas para controlar la operaci\u00f3n, gesti\u00f3n, facturaci\u00f3n y pago<\/p>\n\n\n\nAndroid App\n\n\nPanel del Control\n\n\nAcepta m\u00faltiples formas de pago\n\n\nIntegrado para tu tranquilidad\n\n\n\n\n\n\n<p>Dise\u00f1ado para un rendimiento \u00f3ptimo y con capacidad de soportar miles de operaciones diarias<\/p>\n\n\n<p>Supervisi\u00f3n de los flujos de negocio en vivo\u00a0<\/p>\n\n\n\n\n<p>Gesti\u00f3n f\u00e1cil y eficiente del personal, zonas, sucursales, clientes y m\u00e1s<\/p>\n\n\n<p>Acepta m\u00faltiples formas de pago de tus clientes<\/p>\n\n\n\n\n\n\n<p>Lorem Ipsum has been the industry&#8217;s standard dummy text ever since the 1500s.<\/p>\n\n\n\n\n<h6><\/h6>\n\n\n<h2>Experiencia adaptada a tus necesidades<\/h2>\n\n\n<p>Nuestra experiencia con m\u00faltiples tama\u00f1os de negocios nos permite brindar un sistema flexible y adaptado a tus requerimientos.<\/p>\n\n\n<p>Nuestro sistema intuitivo y eficiente te ayudar\u00e1 a lograr tus metas de manera sencilla y r\u00e1pida. Nuestro enfoque est\u00e1 dise\u00f1ado para adaptarse a tus necesidades espec\u00edficas, brind\u00e1ndote las herramientas y el soporte necesarios para que cada paso sea m\u00e1s f\u00e1cil.<\/p>\n\n\n<p>Nos enorgullece ofrecerte un sistema dise\u00f1ado y desarrollado por un equipo de ingenier\u00eda altamente calificado. Nuestro compromiso con la excelencia t\u00e9cnica y la innovaci\u00f3n garantiza que cada aspecto de nuestro sistema est\u00e9 optimizado para ofrecerte el mejor rendimiento y fiabilidad.<\/p>\n\n\n\n\n\n\n\n<h6>Tecnolog\u00eda <\/h6>\n\n\n<h2>Soluciones IT para Gesti\u00f3n de Estacionamientos<\/h2>\n\n\n\n\n<p>App m\u00f3vil para registro de ingresos, salidas y pagos con o sin impresi\u00f3n de tickets.<\/p>\n\n\n<p>Reportes y mapas en vivo e hist\u00f3ricos para controlar el rendimiento.<\/p>\n\n\n<p>Generaci\u00f3n autom\u00e1tica de documentos electr\u00f3nicos.  <\/p>\n\n\n\n\n<p>Lorem Ipsum has been the industry&#8217;s standard dummy text ever since the 1500s.<\/p>\n\n\n\n\n<p>Soporte para m\u00faltiples usuarios, perfiles, sucursales, zonas, tarifas, horarios.<\/p>\n\n\n<p>Ofrece a tus clientes distintas formas de pago: efectivo, tarjetas, transferencias, QR, online.<\/p>\n\n\n<p>Verificaci\u00f3n autom\u00e1tica de veh\u00edculos con encargo por robo. <\/p>\n\n\n\n\n\n\n\n\n<h6>Hablemos<\/h6>\n\n\n<h2>Haz m\u00e1s y preoc\u00fapate menos<\/h2>\n\n\n<p><strong>Optimiza tu tiempo<\/strong>, automatiza tareas repetitivas y enf\u00f3cate en lo que realmente importa.<br><strong>Mejorar tu productividad<\/strong>: Accede a recursos y funcionalidades que te permitir\u00e1n trabajar de manera m\u00e1s eficiente.<br><strong>Obtener resultados medibles<\/strong>: Monitorea tu progreso y ajusta tus estrategias en tiempo real para asegurar el \u00e9xito.<\/p>\n\n\n\n\n\n\n\n\n\n\n\n\n\n\n\n\n\n\n<h6><\/h6>\n\n\n<h2>Nuestros servicios<\/h2>\n\n\n\n\n<p>Nuestro ecosistema de gesti\u00f3n permite administrar el flujo completo del negocio desde el ingreso hasta la facturaci\u00f3n.\u00a0 \u00a0<\/p>\n\n\n\n<p>Nuestras alianzas con reconocidas marcas de productos en el mercado aseguran versatilidad, funcionalidades avanzadas, facilidad de uso, soporte y seguridad<\/p>\n\n\n\n\n\n\n\n<h3>Tienes un proyecto en mente? <\/h3>\n\n\n<h3>Cuenta con nosotros<\/h3>\n\n\n<p>Te apoyamos con el material necesario durante todo el proceso, desde la toma de decisi\u00f3n hasta la operaci\u00f3n y mantenci\u00f3n.<\/p>\n\n\n\n\n\n\n\n\n\n<h6>Testimonial<\/h6>\n\n\n<h2>Que dicen nuestros clientes<\/h2>\n\n\n\n<p>Es&nbsp; una herramienta muy completa y pr\u00e1ctica para la gesti\u00f3n de mis ventas y estad\u00edsticas. La capacidad de visualizar ventas minuto a minuto y acceder a reportes diarios y mensuales, especialmente para un negocio que necesita monitorear constantemente su rendimiento. Adem\u00e1s, el hecho de que sea estable y cuente con facturaci\u00f3n autom\u00e1tica refuerza su utilidad para mantener la operaci\u00f3n organizada y eficiente. Sin duda,&nbsp; es&nbsp; confiable. <\/p>\n\n\n<p>Este sistema ha sido vital para llevar a cabo todas las acciones de cobro de derechos municipales por concepto de estacionamientos, contando con la entrada y salida de veh\u00edculos, pagos, reportes de escape y de patentes vigentes, deudas pendientes, cierres administrativos, adem\u00e1s de cada uno de los operadores y de su recaudaci\u00f3n diaria. As\u00ed se ha podido almacenar procesar y analizar la informaci\u00f3n, facilitando la organizaci\u00f3n y la toma de decisiones, contando con un sistema integral que permite organizar y priorizar tareas, gestionando los tiempos y permitiendo la colaboraci\u00f3n de todo el equipo. <\/p>\n\n\n\n\n","protected":false},"excerpt":{"rendered":"","protected":false},"author":1,"featured_media":0,"parent":0,"menu_order":0,"comment_status":"closed","ping_status":"closed","template":"","meta":{"_siteseo_robots_primary_cat":"","om_disable_all_campaigns":false,"pagelayer_contact_templates":[],"_pagelayer_content":"","_monsterinsights_skip_tracking":false,"_monsterinsights_sitenote_active":false,"_monsterinsights_sitenote_note":"","_monsterinsights_sitenote_category":0,"footnotes":""},"class_list":["post-42","page","type-page","status-publish","hentry"],"aioseo_notices":[],"_links":{"self":[{"href":"https:\/\/posparking.cl\/www\/wp-json\/wp\/v2\/pages\/42","targetHints":{"allow":["GET"]}}],"collection":[{"href":"https:\/\/posparking.cl\/www\/wp-json\/wp\/v2\/pages"}],"about":[{"href":"https:\/\/posparking.cl\/www\/wp-json\/wp\/v2\/types\/page"}],"author":[{"embeddable":true,"href":"https:\/\/posparking.cl\/www\/wp-json\/wp\/v2\/users\/1"}],"replies":[{"embeddable":true,"href":"https:\/\/posparking.cl\/www\/wp-json\/wp\/v2\/comments?post=42"}],"version-history":[{"count":20,"href":"https:\/\/posparking.cl\/www\/wp-json\/wp\/v2\/pages\/42\/revisions"}],"predecessor-version":[{"id":273,"href":"https:\/\/posparking.cl\/www\/wp-json\/wp\/v2\/pages\/42\/revisions\/273"}],"wp:attachment":[{"href":"https:\/\/posparking.cl\/www\/wp-json\/wp\/v2\/media?parent=42"}],"curies":[{"name":"wp","href":"https:\/\/api.w.org\/{rel}","templated":true}]}}